{"id":647,"date":"2013-03-23T13:05:00","date_gmt":"2013-03-23T13:05:00","guid":{"rendered":"http:\/\/themenectar.com\/demo\/salient\/?page_id=16"},"modified":"2018-02-21T05:18:31","modified_gmt":"2018-02-21T05:18:31","slug":"maestra-de-ceremonias","status":"publish","type":"page","link":"https:\/\/www.detallesbodasyeventos.com\/en\/maestra-de-ceremonias\/","title":{"rendered":"Wedding Planner"},"content":{"rendered":"[vc_row type=&#8221;in_container&#8221; full_screen_row_position=&#8221;middle&#8221; scene_position=&#8221;center&#8221; text_color=&#8221;dark&#8221; text_align=&#8221;left&#8221; overlay_strength=&#8221;0.3&#8243;][vc_column column_padding=&#8221;no-extra-padding&#8221; column_padding_position=&#8221;all&#8221; background_color_opacity=&#8221;1&#8243; background_hover_color_opacity=&#8221;1&#8243; width=&#8221;1\/2&#8243; tablet_text_alignment=&#8221;default&#8221; phone_text_alignment=&#8221;default&#8221;]<div class=\"divider-wrap\"><div style=\"height: 40px;\" class=\"divider\"><\/div><\/div>[vc_column_text]\n<h2>Wedding Planner<\/h2>\n[\/vc_column_text]<div class=\"divider-wrap\"><div style=\"height: 10px;\" class=\"divider\"><\/div><\/div>[vc_column_text]Este servicio incluye lo siguiente:[\/vc_column_text]<div class=\"divider-wrap\"><div style=\"height: 20px;\" class=\"divider\"><\/div><\/div><div class=\"nectar-fancy-ul\" data-list-icon=\"icon-ok\" data-animation=\"false\" data-animation-delay=\"0\" data-color=\"extra-color-2\"> \n<ul>\n<li>Asesor\u00eda para la definici\u00f3n del programa, manejo de tiempos, log\u00edstica de la ceremonia y recepci\u00f3n, as\u00ed como los detalles finales del montaje con base en la cantidad de invitados del evento.<\/li>\n<li>Confirmaci\u00f3n de los servicios contratados la semana previa al evento <em>(flores, fotos, video, m\u00fasica, etc)<\/em>.<\/li>\n<li>Chequeo del montaje final en el lugar de la recepci\u00f3n, coordinaci\u00f3n con el capit\u00e1n del evento y dem\u00e1s proveedores.<\/li>\n<li>Coordinaci\u00f3n de la log\u00edstica, supervisi\u00f3n general, direcci\u00f3n de protocolo de la ceremonia y recepci\u00f3n el d\u00eda del evento: recepci\u00f3n y ubicaci\u00f3n de invitados, seguimiento del programa de actividades, administraci\u00f3n de alimentos y bebidas, entre otros.<\/li>\n<\/ul>\n <\/div><div class=\"divider-wrap\"><div style=\"height: 40px;\" class=\"divider\"><\/div><\/div>[\/vc_column][vc_column column_padding=&#8221;no-extra-padding&#8221; column_padding_position=&#8221;all&#8221; background_color_opacity=&#8221;1&#8243; background_hover_color_opacity=&#8221;1&#8243; width=&#8221;1\/2&#8243; tablet_text_alignment=&#8221;default&#8221; phone_text_alignment=&#8221;default&#8221;]<div class=\"divider-wrap\"><div style=\"height: 40px;\" class=\"divider\"><\/div><\/div>[vc_row_inner text_align=&#8221;left&#8221;][vc_column_inner column_padding=&#8221;no-extra-padding&#8221; column_padding_position=&#8221;all&#8221; background_color_opacity=&#8221;1&#8243; width=&#8221;1\/2&#8243;]<div class=\"img-with-aniamtion-wrap \" data-max-width=\"100%\"><div class=\"inner\"><img decoding=\"async\" data-shadow=\"none\" data-shadow-direction=\"middle\" class=\"img-with-animation \" data-delay=\"0\" height=\"100%\" width=\"100%\" data-animation=\"fade-in\" src=\"https:\/\/www.detallesbodasyeventos.com\/wp-content\/uploads\/2013\/03\/maestra01.jpg\" alt=\"Monica Ruphuy\" \/><\/div><\/div>[\/vc_column_inner][vc_column_inner column_padding=&#8221;no-extra-padding&#8221; column_padding_position=&#8221;all&#8221; background_color_opacity=&#8221;1&#8243; width=&#8221;1\/2&#8243;]<div class=\"img-with-aniamtion-wrap \" data-max-width=\"100%\"><div class=\"inner\"><img decoding=\"async\" data-shadow=\"none\" data-shadow-direction=\"middle\" class=\"img-with-animation \" data-delay=\"0\" height=\"100%\" width=\"100%\" data-animation=\"fade-in\" src=\"https:\/\/www.detallesbodasyeventos.com\/wp-content\/uploads\/2013\/03\/maestra02.jpg\" alt=\"Detalles Bodas & Eventos\" \/><\/div><\/div>[\/vc_column_inner][\/vc_row_inner]<div class=\"divider-wrap\"><div style=\"height: 40px;\" class=\"divider\"><\/div><\/div>[\/vc_column][\/vc_row]","protected":false},"excerpt":{"rendered":"<p>[vc_row type=&#8221;in_container&#8221; full_screen_row_position=&#8221;middle&#8221; scene_position=&#8221;center&#8221; text_color=&#8221;dark&#8221; text_align=&#8221;left&#8221; overlay_strength=&#8221;0.3&#8243;][vc_column column_padding=&#8221;no-extra-padding&#8221; column_padding_position=&#8221;all&#8221; background_color_opacity=&#8221;1&#8243; background_hover_color_opacity=&#8221;1&#8243; width=&#8221;1\/2&#8243; tablet_text_alignment=&#8221;default&#8221; phone_text_alignment=&#8221;default&#8221;][vc_column_text] Wedding Planner [\/vc_column_text][vc_column_text]Este servicio incluye lo siguiente:[\/vc_column_text][\/vc_column][vc_column column_padding=&#8221;no-extra-padding&#8221; column_padding_position=&#8221;all&#8221; background_color_opacity=&#8221;1&#8243; background_hover_color_opacity=&#8221;1&#8243; width=&#8221;1\/2&#8243; tablet_text_alignment=&#8221;default&#8221; phone_text_alignment=&#8221;default&#8221;][vc_row_inner text_align=&#8221;left&#8221;][vc_column_inner column_padding=&#8221;no-extra-padding&#8221;&#8230;<\/p>\n","protected":false},"author":1,"featured_media":0,"parent":0,"menu_order":44,"comment_status":"open","ping_status":"closed","template":"template-standard-detalles.php","meta":{"footnotes":""},"class_list":["post-647","page","type-page","status-publish","hentry"],"yoast_head":"<!-- This site is optimized with the Yoast SEO plugin v26.1.1 - https:\/\/yoast.com\/wordpress\/plugins\/seo\/ -->\n<title>Wedding Planner - Detalles Bodas y Eventos<\/title>\n<meta name=\"robots\" content=\"index, follow, max-snippet:-1, max-image-preview:large, max-video-preview:-1\" \/>\n<link rel=\"canonical\" href=\"https:\/\/www.detallesbodasyeventos.com\/maestra-de-ceremonias\/\" \/>\n<meta property=\"og:locale\" content=\"en_US\" \/>\n<meta property=\"og:type\" content=\"article\" \/>\n<meta property=\"og:title\" content=\"Wedding Planner - Detalles Bodas y Eventos\" \/>\n<meta property=\"og:description\" content=\"[vc_row type=&#8221;in_container&#8221; full_screen_row_position=&#8221;middle&#8221; scene_position=&#8221;center&#8221; text_color=&#8221;dark&#8221; text_align=&#8221;left&#8221; overlay_strength=&#8221;0.3&#8243;][vc_column column_padding=&#8221;no-extra-padding&#8221; column_padding_position=&#8221;all&#8221; background_color_opacity=&#8221;1&#8243; background_hover_color_opacity=&#8221;1&#8243; width=&#8221;1\/2&#8243; tablet_text_alignment=&#8221;default&#8221; phone_text_alignment=&#8221;default&#8221;][vc_column_text] Wedding Planner [\/vc_column_text][vc_column_text]Este servicio incluye lo siguiente:[\/vc_column_text][\/vc_column][vc_column column_padding=&#8221;no-extra-padding&#8221; column_padding_position=&#8221;all&#8221; background_color_opacity=&#8221;1&#8243; background_hover_color_opacity=&#8221;1&#8243; width=&#8221;1\/2&#8243; tablet_text_alignment=&#8221;default&#8221; phone_text_alignment=&#8221;default&#8221;][vc_row_inner text_align=&#8221;left&#8221;][vc_column_inner column_padding=&#8221;no-extra-padding&#8221;...\" \/>\n<meta property=\"og:url\" content=\"https:\/\/www.detallesbodasyeventos.com\/maestra-de-ceremonias\/\" \/>\n<meta property=\"og:site_name\" content=\"Detalles Bodas y Eventos\" \/>\n<meta property=\"article:modified_time\" content=\"2018-02-21T05:18:31+00:00\" \/>\n<meta name=\"twitter:card\" content=\"summary_large_image\" \/>\n<meta name=\"twitter:label1\" content=\"Est. reading time\" \/>\n\t<meta name=\"twitter:data1\" content=\"3 minutes\" \/>\n<script type=\"application\/ld+json\" class=\"yoast-schema-graph\">{\"@context\":\"https:\/\/schema.org\",\"@graph\":[{\"@type\":\"WebPage\",\"@id\":\"https:\/\/www.detallesbodasyeventos.com\/maestra-de-ceremonias\/\",\"url\":\"https:\/\/www.detallesbodasyeventos.com\/maestra-de-ceremonias\/\",\"name\":\"Wedding Planner - Detalles Bodas y Eventos\",\"isPartOf\":{\"@id\":\"https:\/\/www.detallesbodasyeventos.com\/#website\"},\"datePublished\":\"2013-03-23T13:05:00+00:00\",\"dateModified\":\"2018-02-21T05:18:31+00:00\",\"breadcrumb\":{\"@id\":\"https:\/\/www.detallesbodasyeventos.com\/maestra-de-ceremonias\/#breadcrumb\"},\"inLanguage\":\"en-US\",\"potentialAction\":[{\"@type\":\"ReadAction\",\"target\":[\"https:\/\/www.detallesbodasyeventos.com\/maestra-de-ceremonias\/\"]}]},{\"@type\":\"BreadcrumbList\",\"@id\":\"https:\/\/www.detallesbodasyeventos.com\/maestra-de-ceremonias\/#breadcrumb\",\"itemListElement\":[{\"@type\":\"ListItem\",\"position\":1,\"name\":\"Portada\",\"item\":\"https:\/\/www.detallesbodasyeventos.com\/\"},{\"@type\":\"ListItem\",\"position\":2,\"name\":\"Maestra de Ceremonias\"}]},{\"@type\":\"WebSite\",\"@id\":\"https:\/\/www.detallesbodasyeventos.com\/#website\",\"url\":\"https:\/\/www.detallesbodasyeventos.com\/\",\"name\":\"Detalles Bodas y Eventos\",\"description\":\"\",\"potentialAction\":[{\"@type\":\"SearchAction\",\"target\":{\"@type\":\"EntryPoint\",\"urlTemplate\":\"https:\/\/www.detallesbodasyeventos.com\/?s={search_term_string}\"},\"query-input\":{\"@type\":\"PropertyValueSpecification\",\"valueRequired\":true,\"valueName\":\"search_term_string\"}}],\"inLanguage\":\"en-US\"}]}<\/script>\n<!-- \/ Yoast SEO plugin. -->","yoast_head_json":{"title":"Wedding Planner - Detalles Bodas y Eventos","robots":{"index":"index","follow":"follow","max-snippet":"max-snippet:-1","max-image-preview":"max-image-preview:large","max-video-preview":"max-video-preview:-1"},"canonical":"https:\/\/www.detallesbodasyeventos.com\/maestra-de-ceremonias\/","og_locale":"en_US","og_type":"article","og_title":"Wedding Planner - Detalles Bodas y Eventos","og_description":"[vc_row type=&#8221;in_container&#8221; full_screen_row_position=&#8221;middle&#8221; scene_position=&#8221;center&#8221; text_color=&#8221;dark&#8221; text_align=&#8221;left&#8221; overlay_strength=&#8221;0.3&#8243;][vc_column column_padding=&#8221;no-extra-padding&#8221; column_padding_position=&#8221;all&#8221; background_color_opacity=&#8221;1&#8243; background_hover_color_opacity=&#8221;1&#8243; width=&#8221;1\/2&#8243; tablet_text_alignment=&#8221;default&#8221; phone_text_alignment=&#8221;default&#8221;][vc_column_text] Wedding Planner [\/vc_column_text][vc_column_text]Este servicio incluye lo siguiente:[\/vc_column_text][\/vc_column][vc_column column_padding=&#8221;no-extra-padding&#8221; column_padding_position=&#8221;all&#8221; background_color_opacity=&#8221;1&#8243; background_hover_color_opacity=&#8221;1&#8243; width=&#8221;1\/2&#8243; tablet_text_alignment=&#8221;default&#8221; phone_text_alignment=&#8221;default&#8221;][vc_row_inner text_align=&#8221;left&#8221;][vc_column_inner column_padding=&#8221;no-extra-padding&#8221;...","og_url":"https:\/\/www.detallesbodasyeventos.com\/maestra-de-ceremonias\/","og_site_name":"Detalles Bodas y Eventos","article_modified_time":"2018-02-21T05:18:31+00:00","twitter_card":"summary_large_image","twitter_misc":{"Est. reading time":"3 minutes"},"schema":{"@context":"https:\/\/schema.org","@graph":[{"@type":"WebPage","@id":"https:\/\/www.detallesbodasyeventos.com\/maestra-de-ceremonias\/","url":"https:\/\/www.detallesbodasyeventos.com\/maestra-de-ceremonias\/","name":"Wedding Planner - Detalles Bodas y Eventos","isPartOf":{"@id":"https:\/\/www.detallesbodasyeventos.com\/#website"},"datePublished":"2013-03-23T13:05:00+00:00","dateModified":"2018-02-21T05:18:31+00:00","breadcrumb":{"@id":"https:\/\/www.detallesbodasyeventos.com\/maestra-de-ceremonias\/#breadcrumb"},"inLanguage":"en-US","potentialAction":[{"@type":"ReadAction","target":["https:\/\/www.detallesbodasyeventos.com\/maestra-de-ceremonias\/"]}]},{"@type":"BreadcrumbList","@id":"https:\/\/www.detallesbodasyeventos.com\/maestra-de-ceremonias\/#breadcrumb","itemListElement":[{"@type":"ListItem","position":1,"name":"Portada","item":"https:\/\/www.detallesbodasyeventos.com\/"},{"@type":"ListItem","position":2,"name":"Maestra de Ceremonias"}]},{"@type":"WebSite","@id":"https:\/\/www.detallesbodasyeventos.com\/#website","url":"https:\/\/www.detallesbodasyeventos.com\/","name":"Detalles Bodas y Eventos","description":"","potentialAction":[{"@type":"SearchAction","target":{"@type":"EntryPoint","urlTemplate":"https:\/\/www.detallesbodasyeventos.com\/?s={search_term_string}"},"query-input":{"@type":"PropertyValueSpecification","valueRequired":true,"valueName":"search_term_string"}}],"inLanguage":"en-US"}]}},"_links":{"self":[{"href":"https:\/\/www.detallesbodasyeventos.com\/en\/wp-json\/wp\/v2\/pages\/647","targetHints":{"allow":["GET"]}}],"collection":[{"href":"https:\/\/www.detallesbodasyeventos.com\/en\/wp-json\/wp\/v2\/pages"}],"about":[{"href":"https:\/\/www.detallesbodasyeventos.com\/en\/wp-json\/wp\/v2\/types\/page"}],"author":[{"embeddable":true,"href":"https:\/\/www.detallesbodasyeventos.com\/en\/wp-json\/wp\/v2\/users\/1"}],"replies":[{"embeddable":true,"href":"https:\/\/www.detallesbodasyeventos.com\/en\/wp-json\/wp\/v2\/comments?post=647"}],"version-history":[{"count":39,"href":"https:\/\/www.detallesbodasyeventos.com\/en\/wp-json\/wp\/v2\/pages\/647\/revisions"}],"predecessor-version":[{"id":3698,"href":"https:\/\/www.detallesbodasyeventos.com\/en\/wp-json\/wp\/v2\/pages\/647\/revisions\/3698"}],"wp:attachment":[{"href":"https:\/\/www.detallesbodasyeventos.com\/en\/wp-json\/wp\/v2\/media?parent=647"}],"curies":[{"name":"wp","href":"https:\/\/api.w.org\/{rel}","templated":true}]}}