{"id":3648,"date":"2017-01-24T22:55:13","date_gmt":"2017-01-24T22:55:13","guid":{"rendered":"http:\/\/www.detallesbodasyeventos.com\/webnew2016\/?page_id=3648"},"modified":"2018-02-21T05:25:42","modified_gmt":"2018-02-21T05:25:42","slug":"acerca-detalles","status":"publish","type":"page","link":"https:\/\/www.detallesbodasyeventos.com\/en\/acerca-detalles\/","title":{"rendered":"About Detalles"},"content":{"rendered":"[vc_row type=&#8221;in_container&#8221; full_screen_row_position=&#8221;middle&#8221; scene_position=&#8221;center&#8221; text_color=&#8221;dark&#8221; text_align=&#8221;left&#8221; overlay_strength=&#8221;0.3&#8243;][vc_column column_padding=&#8221;no-extra-padding&#8221; column_padding_position=&#8221;all&#8221; background_color_opacity=&#8221;1&#8243; background_hover_color_opacity=&#8221;1&#8243; width=&#8221;1\/2&#8243; tablet_text_alignment=&#8221;default&#8221; phone_text_alignment=&#8221;default&#8221;]<div class=\"divider-wrap\"><div style=\"height: 40px;\" class=\"divider\"><\/div><\/div>[vc_column_text]\n<h2>Detalles Organizaci\u00f3n &amp; Protocolo<\/h2>\n[\/vc_column_text]<div class=\"divider-wrap\"><div style=\"height: 10px;\" class=\"divider\"><\/div><\/div>[vc_column_text]<strong>DETALLES<\/strong> es una empresa que inicia en Diciembre del 2002 con el objetivo de brindar apoyo en la organizaci\u00f3n, log\u00edstica y protocolo de eventos, tanto sociales como corporativos.<\/p>\n<p>Su directora, <strong>M\u00f3nica Ruphuy Chan<\/strong> es licenciada en Administraci\u00f3n de Negocios, egresada de la Universidad de Costa Rica en marzo de 1995.<\/p>\n<p>Ha complementado su preparaci\u00f3n acad\u00e9mica con distintos cursos y seminarios entre los que se destacan:[\/vc_column_text]<div class=\"divider-wrap\"><div style=\"height: 20px;\" class=\"divider\"><\/div><\/div><div class=\"nectar-fancy-ul\" data-list-icon=\"icon-ok\" data-animation=\"false\" data-animation-delay=\"0\" data-color=\"extra-color-2\"> \n<ul>\n<li><strong>Taller de protocolo corporativo<\/strong>,<br \/>\nEmpresa Pigmale\u00f3n,Im\u00e1genes de \u00c9xito,<br \/>\n<em>Diciembre 2002.<\/em><\/li>\n<li><strong>Programa modular de conversaci\u00f3n inglesa<\/strong>,<br \/>\nFundaci\u00f3n Tecnol\u00f3gica de Costa Rica,<br \/>\n<em>Marzo 1999.<\/em><\/li>\n<\/ul>\n <\/div><div class=\"divider-wrap\"><div style=\"height: 20px;\" class=\"divider\"><\/div><\/div>[vc_column_text]Su \u00faltimo trabajo antes de iniciar la empresa <strong>DETALLES<\/strong>, fue como Gerente de Mercadeo y Ventas de Banca Personal, del Banco Cuscatl\u00e1n de Costa Rica.<\/p>\n<p>Su experiencia laboral siempre ha estado vinculada a la organizaci\u00f3n y log\u00edstica de eventos, coordinaci\u00f3n de promociones y campa\u00f1as de publicidad; as\u00ed como al manejo de personal en las \u00e1reas de mercadeo y ventas.<\/p>\n<p>Desde diciembre del 2002 el \u00e9nfasis se ha brindado en la asesor\u00eda, log\u00edstica, protocolo y organizaci\u00f3n de eventos sociales, principalmente bodas.[\/vc_column_text]<div class=\"divider-wrap\"><div style=\"height: 40px;\" class=\"divider\"><\/div><\/div>[\/vc_column][vc_column column_padding=&#8221;no-extra-padding&#8221; column_padding_position=&#8221;all&#8221; background_color_opacity=&#8221;1&#8243; background_hover_color_opacity=&#8221;1&#8243; width=&#8221;1\/2&#8243; tablet_text_alignment=&#8221;default&#8221; phone_text_alignment=&#8221;default&#8221;][vc_row_inner text_align=&#8221;left&#8221;][vc_column_inner column_padding=&#8221;no-extra-padding&#8221; column_padding_position=&#8221;all&#8221; background_color_opacity=&#8221;1&#8243; width=&#8221;1\/1&#8243;]<div class=\"img-with-aniamtion-wrap right\" data-max-width=\"100%\"><div class=\"inner\"><img decoding=\"async\" data-shadow=\"none\" data-shadow-direction=\"middle\" class=\"img-with-animation \" data-delay=\"0\" height=\"100%\" width=\"100%\" data-animation=\"fade-in\" src=\"https:\/\/www.detallesbodasyeventos.com\/wp-content\/uploads\/2017\/01\/monica-ruphuy.jpg\" alt=\"Monica Ruphuy - Detalles\" \/><\/div><\/div>[\/vc_column_inner][\/vc_row_inner]<div class=\"divider-wrap\"><div style=\"height: 40px;\" class=\"divider\"><\/div><\/div>[\/vc_column][\/vc_row]","protected":false},"excerpt":{"rendered":"<p>[vc_row type=&#8221;in_container&#8221; full_screen_row_position=&#8221;middle&#8221; scene_position=&#8221;center&#8221; text_color=&#8221;dark&#8221; text_align=&#8221;left&#8221; overlay_strength=&#8221;0.3&#8243;][vc_column column_padding=&#8221;no-extra-padding&#8221; column_padding_position=&#8221;all&#8221; background_color_opacity=&#8221;1&#8243; background_hover_color_opacity=&#8221;1&#8243; width=&#8221;1\/2&#8243; tablet_text_alignment=&#8221;default&#8221; phone_text_alignment=&#8221;default&#8221;][vc_column_text] Detalles Organizaci\u00f3n &amp; Protocolo [\/vc_column_text][vc_column_text]DETALLES es una empresa que inicia en Diciembre del 2002 con el&#8230;<\/p>\n","protected":false},"author":1,"featured_media":0,"parent":0,"menu_order":44,"comment_status":"open","ping_status":"closed","template":"template-standard-detalles.php","meta":{"footnotes":""},"class_list":["post-3648","page","type-page","status-publish","hentry"],"yoast_head":"<!-- This site is optimized with the Yoast SEO plugin v26.1.1 - https:\/\/yoast.com\/wordpress\/plugins\/seo\/ -->\n<title>About Detalles - Detalles Bodas y Eventos<\/title>\n<meta name=\"robots\" content=\"index, follow, max-snippet:-1, max-image-preview:large, max-video-preview:-1\" \/>\n<link rel=\"canonical\" href=\"https:\/\/www.detallesbodasyeventos.com\/acerca-detalles\/\" \/>\n<meta property=\"og:locale\" content=\"en_US\" \/>\n<meta property=\"og:type\" content=\"article\" \/>\n<meta property=\"og:title\" content=\"About Detalles - Detalles Bodas y Eventos\" \/>\n<meta property=\"og:description\" content=\"[vc_row type=&#8221;in_container&#8221; full_screen_row_position=&#8221;middle&#8221; scene_position=&#8221;center&#8221; text_color=&#8221;dark&#8221; text_align=&#8221;left&#8221; overlay_strength=&#8221;0.3&#8243;][vc_column column_padding=&#8221;no-extra-padding&#8221; column_padding_position=&#8221;all&#8221; background_color_opacity=&#8221;1&#8243; background_hover_color_opacity=&#8221;1&#8243; width=&#8221;1\/2&#8243; tablet_text_alignment=&#8221;default&#8221; phone_text_alignment=&#8221;default&#8221;][vc_column_text] Detalles Organizaci\u00f3n &amp; Protocolo [\/vc_column_text][vc_column_text]DETALLES es una empresa que inicia en Diciembre del 2002 con el...\" \/>\n<meta property=\"og:url\" content=\"https:\/\/www.detallesbodasyeventos.com\/acerca-detalles\/\" \/>\n<meta property=\"og:site_name\" content=\"Detalles Bodas y Eventos\" \/>\n<meta property=\"article:modified_time\" content=\"2018-02-21T05:25:42+00:00\" \/>\n<meta name=\"twitter:card\" content=\"summary_large_image\" \/>\n<meta name=\"twitter:label1\" content=\"Est. reading time\" \/>\n\t<meta name=\"twitter:data1\" content=\"4 minutes\" \/>\n<script type=\"application\/ld+json\" class=\"yoast-schema-graph\">{\"@context\":\"https:\/\/schema.org\",\"@graph\":[{\"@type\":\"WebPage\",\"@id\":\"https:\/\/www.detallesbodasyeventos.com\/acerca-detalles\/\",\"url\":\"https:\/\/www.detallesbodasyeventos.com\/acerca-detalles\/\",\"name\":\"About Detalles - Detalles Bodas y Eventos\",\"isPartOf\":{\"@id\":\"https:\/\/www.detallesbodasyeventos.com\/#website\"},\"datePublished\":\"2017-01-24T22:55:13+00:00\",\"dateModified\":\"2018-02-21T05:25:42+00:00\",\"breadcrumb\":{\"@id\":\"https:\/\/www.detallesbodasyeventos.com\/acerca-detalles\/#breadcrumb\"},\"inLanguage\":\"en-US\",\"potentialAction\":[{\"@type\":\"ReadAction\",\"target\":[\"https:\/\/www.detallesbodasyeventos.com\/acerca-detalles\/\"]}]},{\"@type\":\"BreadcrumbList\",\"@id\":\"https:\/\/www.detallesbodasyeventos.com\/acerca-detalles\/#breadcrumb\",\"itemListElement\":[{\"@type\":\"ListItem\",\"position\":1,\"name\":\"Portada\",\"item\":\"https:\/\/www.detallesbodasyeventos.com\/\"},{\"@type\":\"ListItem\",\"position\":2,\"name\":\"Acerca de Detalles\"}]},{\"@type\":\"WebSite\",\"@id\":\"https:\/\/www.detallesbodasyeventos.com\/#website\",\"url\":\"https:\/\/www.detallesbodasyeventos.com\/\",\"name\":\"Detalles Bodas y Eventos\",\"description\":\"\",\"potentialAction\":[{\"@type\":\"SearchAction\",\"target\":{\"@type\":\"EntryPoint\",\"urlTemplate\":\"https:\/\/www.detallesbodasyeventos.com\/?s={search_term_string}\"},\"query-input\":{\"@type\":\"PropertyValueSpecification\",\"valueRequired\":true,\"valueName\":\"search_term_string\"}}],\"inLanguage\":\"en-US\"}]}<\/script>\n<!-- \/ Yoast SEO plugin. -->","yoast_head_json":{"title":"About Detalles - Detalles Bodas y Eventos","robots":{"index":"index","follow":"follow","max-snippet":"max-snippet:-1","max-image-preview":"max-image-preview:large","max-video-preview":"max-video-preview:-1"},"canonical":"https:\/\/www.detallesbodasyeventos.com\/acerca-detalles\/","og_locale":"en_US","og_type":"article","og_title":"About Detalles - Detalles Bodas y Eventos","og_description":"[vc_row type=&#8221;in_container&#8221; full_screen_row_position=&#8221;middle&#8221; scene_position=&#8221;center&#8221; text_color=&#8221;dark&#8221; text_align=&#8221;left&#8221; overlay_strength=&#8221;0.3&#8243;][vc_column column_padding=&#8221;no-extra-padding&#8221; column_padding_position=&#8221;all&#8221; background_color_opacity=&#8221;1&#8243; background_hover_color_opacity=&#8221;1&#8243; width=&#8221;1\/2&#8243; tablet_text_alignment=&#8221;default&#8221; phone_text_alignment=&#8221;default&#8221;][vc_column_text] Detalles Organizaci\u00f3n &amp; Protocolo [\/vc_column_text][vc_column_text]DETALLES es una empresa que inicia en Diciembre del 2002 con el...","og_url":"https:\/\/www.detallesbodasyeventos.com\/acerca-detalles\/","og_site_name":"Detalles Bodas y Eventos","article_modified_time":"2018-02-21T05:25:42+00:00","twitter_card":"summary_large_image","twitter_misc":{"Est. reading time":"4 minutes"},"schema":{"@context":"https:\/\/schema.org","@graph":[{"@type":"WebPage","@id":"https:\/\/www.detallesbodasyeventos.com\/acerca-detalles\/","url":"https:\/\/www.detallesbodasyeventos.com\/acerca-detalles\/","name":"About Detalles - Detalles Bodas y Eventos","isPartOf":{"@id":"https:\/\/www.detallesbodasyeventos.com\/#website"},"datePublished":"2017-01-24T22:55:13+00:00","dateModified":"2018-02-21T05:25:42+00:00","breadcrumb":{"@id":"https:\/\/www.detallesbodasyeventos.com\/acerca-detalles\/#breadcrumb"},"inLanguage":"en-US","potentialAction":[{"@type":"ReadAction","target":["https:\/\/www.detallesbodasyeventos.com\/acerca-detalles\/"]}]},{"@type":"BreadcrumbList","@id":"https:\/\/www.detallesbodasyeventos.com\/acerca-detalles\/#breadcrumb","itemListElement":[{"@type":"ListItem","position":1,"name":"Portada","item":"https:\/\/www.detallesbodasyeventos.com\/"},{"@type":"ListItem","position":2,"name":"Acerca de Detalles"}]},{"@type":"WebSite","@id":"https:\/\/www.detallesbodasyeventos.com\/#website","url":"https:\/\/www.detallesbodasyeventos.com\/","name":"Detalles Bodas y Eventos","description":"","potentialAction":[{"@type":"SearchAction","target":{"@type":"EntryPoint","urlTemplate":"https:\/\/www.detallesbodasyeventos.com\/?s={search_term_string}"},"query-input":{"@type":"PropertyValueSpecification","valueRequired":true,"valueName":"search_term_string"}}],"inLanguage":"en-US"}]}},"_links":{"self":[{"href":"https:\/\/www.detallesbodasyeventos.com\/en\/wp-json\/wp\/v2\/pages\/3648","targetHints":{"allow":["GET"]}}],"collection":[{"href":"https:\/\/www.detallesbodasyeventos.com\/en\/wp-json\/wp\/v2\/pages"}],"about":[{"href":"https:\/\/www.detallesbodasyeventos.com\/en\/wp-json\/wp\/v2\/types\/page"}],"author":[{"embeddable":true,"href":"https:\/\/www.detallesbodasyeventos.com\/en\/wp-json\/wp\/v2\/users\/1"}],"replies":[{"embeddable":true,"href":"https:\/\/www.detallesbodasyeventos.com\/en\/wp-json\/wp\/v2\/comments?post=3648"}],"version-history":[{"count":5,"href":"https:\/\/www.detallesbodasyeventos.com\/en\/wp-json\/wp\/v2\/pages\/3648\/revisions"}],"predecessor-version":[{"id":3689,"href":"https:\/\/www.detallesbodasyeventos.com\/en\/wp-json\/wp\/v2\/pages\/3648\/revisions\/3689"}],"wp:attachment":[{"href":"https:\/\/www.detallesbodasyeventos.com\/en\/wp-json\/wp\/v2\/media?parent=3648"}],"curies":[{"name":"wp","href":"https:\/\/api.w.org\/{rel}","templated":true}]}}