{"id":3208,"date":"2016-12-22T18:07:43","date_gmt":"2016-12-22T18:07:43","guid":{"rendered":"http:\/\/www.detallesbodasyeventos.com\/webnew2016\/?page_id=3208"},"modified":"2018-02-21T05:19:57","modified_gmt":"2018-02-21T05:19:57","slug":"musica-para-ceremonias","status":"publish","type":"page","link":"https:\/\/www.detallesbodasyeventos.com\/en\/musica-para-ceremonias\/","title":{"rendered":"Music for Ceremonies"},"content":{"rendered":"[vc_row type=&#8221;in_container&#8221; full_screen_row_position=&#8221;middle&#8221; scene_position=&#8221;center&#8221; text_color=&#8221;dark&#8221; text_align=&#8221;left&#8221; overlay_strength=&#8221;0.3&#8243;][vc_column column_padding=&#8221;no-extra-padding&#8221; column_padding_position=&#8221;all&#8221; background_color_opacity=&#8221;1&#8243; background_hover_color_opacity=&#8221;1&#8243; width=&#8221;1\/2&#8243; tablet_text_alignment=&#8221;default&#8221; phone_text_alignment=&#8221;default&#8221;]<div class=\"divider-wrap\"><div style=\"height: 40px;\" class=\"divider\"><\/div><\/div>[vc_column_text]\n<h2>Musica for Ceremonies<\/h2>\n[\/vc_column_text]<div class=\"divider-wrap\"><div style=\"height: 10px;\" class=\"divider\"><\/div><\/div>[vc_column_text]<strong>Ensambles musicales tradicionales para ceremonias:<\/strong>[\/vc_column_text]<div class=\"divider-wrap\"><div style=\"height: 20px;\" class=\"divider\"><\/div><\/div><div class=\"nectar-fancy-ul\" data-list-icon=\"icon-ok\" data-animation=\"false\" data-animation-delay=\"0\" data-color=\"extra-color-2\"> \n<ul>\n<li>D\u00fao de instrumentos a elegir: guitarra, piano o arpa en combinaci\u00f3n con viol\u00edn, flauta o saxof\u00f3n.<\/li>\n<\/ul>\n<ul>\n<li>Tr\u00edo de instrumentos a elegir: guitarra, piano o arpa en combinaci\u00f3n con viol\u00edn (o flauta) y violoncello o viol\u00edn, violoncello y viola.<\/li>\n<\/ul>\n<ul>\n<li>Cuarteto de instrumentos a elegir: puede ser un cuarteto de cuerdas: 2 violines, 1 violoncello y 1 viola u otra combinaci\u00f3n a su elecci\u00f3n.<\/li>\n<\/ul>\n <\/div>[vc_column_text]\n<h6><em><strong>A cualquiera de estos ensambles se puede incorporar un cantante.<\/strong><\/em><\/h6>\n[\/vc_column_text]<div class=\"divider-wrap\"><div style=\"height: 100px;\" class=\"divider\"><\/div><\/div>[vc_row_inner text_align=&#8221;left&#8221;][vc_column_inner column_padding=&#8221;no-extra-padding&#8221; column_padding_position=&#8221;all&#8221; background_color_opacity=&#8221;1&#8243; width=&#8221;1\/2&#8243;]<div class=\"img-with-aniamtion-wrap \" data-max-width=\"100%\"><div class=\"inner\"><img decoding=\"async\" data-shadow=\"none\" data-shadow-direction=\"middle\" class=\"img-with-animation \" data-delay=\"0\" height=\"100%\" width=\"100%\" data-animation=\"fade-in\" src=\"https:\/\/www.detallesbodasyeventos.com\/wp-content\/uploads\/2016\/12\/GME-DE_0443.jpg\" alt=\"Detalles Musicales\" \/><\/div><\/div>[\/vc_column_inner][vc_column_inner column_padding=&#8221;no-extra-padding&#8221; column_padding_position=&#8221;all&#8221; background_color_opacity=&#8221;1&#8243; width=&#8221;1\/2&#8243;]<div class=\"img-with-aniamtion-wrap \" data-max-width=\"100%\"><div class=\"inner\"><img decoding=\"async\" data-shadow=\"none\" data-shadow-direction=\"middle\" class=\"img-with-animation \" data-delay=\"0\" height=\"100%\" width=\"100%\" data-animation=\"fade-in\" src=\"https:\/\/www.detallesbodasyeventos.com\/wp-content\/uploads\/2016\/12\/detallesmusicales2017.jpg\" alt=\"Detalles Musicales\" \/><\/div><\/div>[\/vc_column_inner][\/vc_row_inner]<div class=\"img-with-aniamtion-wrap \" data-max-width=\"100%\"><div class=\"inner\"><img decoding=\"async\" data-shadow=\"none\" data-shadow-direction=\"middle\" class=\"img-with-animation \" data-delay=\"0\" height=\"100%\" width=\"100%\" data-animation=\"fade-in\" src=\"https:\/\/www.detallesbodasyeventos.com\/wp-content\/uploads\/2016\/12\/ceremonia04.jpg\" alt=\"M\u00fasica para ceremonias\" \/><\/div><\/div><div class=\"divider-wrap\"><div style=\"height: 40px;\" class=\"divider\"><\/div><\/div>[\/vc_column][vc_column column_padding=&#8221;no-extra-padding&#8221; column_padding_position=&#8221;all&#8221; background_color_opacity=&#8221;1&#8243; background_hover_color_opacity=&#8221;1&#8243; width=&#8221;1\/2&#8243; tablet_text_alignment=&#8221;default&#8221; phone_text_alignment=&#8221;default&#8221;]<div class=\"divider-wrap\"><div style=\"height: 40px;\" class=\"divider\"><\/div><\/div>[vc_row_inner text_align=&#8221;left&#8221;][vc_column_inner column_padding=&#8221;no-extra-padding&#8221; column_padding_position=&#8221;all&#8221; background_color_opacity=&#8221;1&#8243; width=&#8221;1\/1&#8243;]<div class=\"img-with-aniamtion-wrap \" data-max-width=\"100%\"><div class=\"inner\"><img decoding=\"async\" data-shadow=\"none\" data-shadow-direction=\"middle\" class=\"img-with-animation \" data-delay=\"0\" height=\"100%\" width=\"100%\" data-animation=\"fade-in\" src=\"https:\/\/www.detallesbodasyeventos.com\/wp-content\/uploads\/2016\/12\/ceremonia01.jpg\" alt=\"\" \/><\/div><\/div>[\/vc_column_inner][\/vc_row_inner]<div class=\"divider-wrap\"><div style=\"height: 40px;\" class=\"divider\"><\/div><\/div>[vc_column_text]\n<h3><strong>M\u00fasica para ceremonias religiosas o civiles<\/strong><\/h3>\n[\/vc_column_text]<div class=\"divider-wrap\"><div style=\"height: 20px;\" class=\"divider\"><\/div><\/div>[vc_column_text]Lo primero que la pareja debe tomar en cuenta es qu\u00e9 tipo de m\u00fasica desea, si prefiere un ensamble instrumental o con cantante, si le gustan las cuerdas o prefiere instrumentos de viento, si tienen una predilecci\u00f3n por la m\u00fasica cl\u00e1sica o si prefieren un ensamble m\u00e1s vers\u00e1til, que pueda interpretar piezas semi cl\u00e1sicas o de dominio popular.<\/p>\n<p>El ensamble musical que se elija para este momento, tambi\u00e9n tiene mucho que ver con el tipo de Ceremonia de que se trate. Si es cat\u00f3lica, muchos sacerdotes prefieren que se incluya a un cantante para que interprete los cantos propios de la liturgia.<\/p>\n<p>Si es una ceremonia evang\u00e9lica o civil, el grupo podr\u00eda ser instrumental, como un tr\u00edo o cuarteto de cuerdas o algo menos cl\u00e1sico como guitarra o piano con viol\u00edn.\u00a0 Tambi\u00e9n podr\u00edan incluirse algunas piezas interpretadas por un cantante, pues esto le aporta emotividad sobre todo cuando son canciones rom\u00e1nticas que han marcado un momento especial en la vida de las parejas.<\/p>\n<p><strong><u>Cantantes:<\/u><\/strong> El cliente puede elegir entre voz de tenor o voz de soprano o un d\u00fao que incorpore ambos voces.\u00a0\u00a0 Nuestro principal tenor es el director de <strong>Detalles Musicales, Pedro Losilla.<\/strong>[\/vc_column_text]<div class=\"divider-wrap\"><div style=\"height: 40px;\" class=\"divider\"><\/div><\/div>[\/vc_column][\/vc_row]","protected":false},"excerpt":{"rendered":"<p>[vc_row type=&#8221;in_container&#8221; full_screen_row_position=&#8221;middle&#8221; scene_position=&#8221;center&#8221; text_color=&#8221;dark&#8221; text_align=&#8221;left&#8221; overlay_strength=&#8221;0.3&#8243;][vc_column column_padding=&#8221;no-extra-padding&#8221; column_padding_position=&#8221;all&#8221; background_color_opacity=&#8221;1&#8243; background_hover_color_opacity=&#8221;1&#8243; width=&#8221;1\/2&#8243; tablet_text_alignment=&#8221;default&#8221; phone_text_alignment=&#8221;default&#8221;][vc_column_text] Musica for Ceremonies [\/vc_column_text][vc_column_text]Ensambles musicales tradicionales para ceremonias:[\/vc_column_text][vc_column_text] A cualquiera de estos ensambles se puede incorporar&#8230;<\/p>\n","protected":false},"author":1,"featured_media":0,"parent":0,"menu_order":44,"comment_status":"open","ping_status":"closed","template":"template-standard-detalles.php","meta":{"footnotes":""},"class_list":["post-3208","page","type-page","status-publish","hentry"],"yoast_head":"<!-- This site is optimized with the Yoast SEO plugin v26.1.1 - https:\/\/yoast.com\/wordpress\/plugins\/seo\/ -->\n<title>Music for Ceremonies - Detalles Bodas y Eventos<\/title>\n<meta name=\"robots\" content=\"index, follow, max-snippet:-1, max-image-preview:large, max-video-preview:-1\" \/>\n<link rel=\"canonical\" href=\"https:\/\/www.detallesbodasyeventos.com\/musica-para-ceremonias\/\" \/>\n<meta property=\"og:locale\" content=\"en_US\" \/>\n<meta property=\"og:type\" content=\"article\" \/>\n<meta property=\"og:title\" content=\"Music for Ceremonies - Detalles Bodas y Eventos\" \/>\n<meta property=\"og:description\" content=\"[vc_row type=&#8221;in_container&#8221; full_screen_row_position=&#8221;middle&#8221; scene_position=&#8221;center&#8221; text_color=&#8221;dark&#8221; text_align=&#8221;left&#8221; overlay_strength=&#8221;0.3&#8243;][vc_column column_padding=&#8221;no-extra-padding&#8221; column_padding_position=&#8221;all&#8221; background_color_opacity=&#8221;1&#8243; background_hover_color_opacity=&#8221;1&#8243; width=&#8221;1\/2&#8243; tablet_text_alignment=&#8221;default&#8221; phone_text_alignment=&#8221;default&#8221;][vc_column_text] Musica for Ceremonies [\/vc_column_text][vc_column_text]Ensambles musicales tradicionales para ceremonias:[\/vc_column_text][vc_column_text] A cualquiera de estos ensambles se puede incorporar...\" \/>\n<meta property=\"og:url\" content=\"https:\/\/www.detallesbodasyeventos.com\/musica-para-ceremonias\/\" \/>\n<meta property=\"og:site_name\" content=\"Detalles Bodas y Eventos\" \/>\n<meta property=\"article:modified_time\" content=\"2018-02-21T05:19:57+00:00\" \/>\n<meta name=\"twitter:card\" content=\"summary_large_image\" \/>\n<meta name=\"twitter:label1\" content=\"Est. reading time\" \/>\n\t<meta name=\"twitter:data1\" content=\"6 minutes\" \/>\n<script type=\"application\/ld+json\" class=\"yoast-schema-graph\">{\"@context\":\"https:\/\/schema.org\",\"@graph\":[{\"@type\":\"WebPage\",\"@id\":\"https:\/\/www.detallesbodasyeventos.com\/musica-para-ceremonias\/\",\"url\":\"https:\/\/www.detallesbodasyeventos.com\/musica-para-ceremonias\/\",\"name\":\"Music for Ceremonies - Detalles Bodas y Eventos\",\"isPartOf\":{\"@id\":\"https:\/\/www.detallesbodasyeventos.com\/#website\"},\"datePublished\":\"2016-12-22T18:07:43+00:00\",\"dateModified\":\"2018-02-21T05:19:57+00:00\",\"breadcrumb\":{\"@id\":\"https:\/\/www.detallesbodasyeventos.com\/musica-para-ceremonias\/#breadcrumb\"},\"inLanguage\":\"en-US\",\"potentialAction\":[{\"@type\":\"ReadAction\",\"target\":[\"https:\/\/www.detallesbodasyeventos.com\/musica-para-ceremonias\/\"]}]},{\"@type\":\"BreadcrumbList\",\"@id\":\"https:\/\/www.detallesbodasyeventos.com\/musica-para-ceremonias\/#breadcrumb\",\"itemListElement\":[{\"@type\":\"ListItem\",\"position\":1,\"name\":\"Portada\",\"item\":\"https:\/\/www.detallesbodasyeventos.com\/\"},{\"@type\":\"ListItem\",\"position\":2,\"name\":\"M\u00fasica para Ceremonias\"}]},{\"@type\":\"WebSite\",\"@id\":\"https:\/\/www.detallesbodasyeventos.com\/#website\",\"url\":\"https:\/\/www.detallesbodasyeventos.com\/\",\"name\":\"Detalles Bodas y Eventos\",\"description\":\"\",\"potentialAction\":[{\"@type\":\"SearchAction\",\"target\":{\"@type\":\"EntryPoint\",\"urlTemplate\":\"https:\/\/www.detallesbodasyeventos.com\/?s={search_term_string}\"},\"query-input\":{\"@type\":\"PropertyValueSpecification\",\"valueRequired\":true,\"valueName\":\"search_term_string\"}}],\"inLanguage\":\"en-US\"}]}<\/script>\n<!-- \/ Yoast SEO plugin. -->","yoast_head_json":{"title":"Music for Ceremonies - Detalles Bodas y Eventos","robots":{"index":"index","follow":"follow","max-snippet":"max-snippet:-1","max-image-preview":"max-image-preview:large","max-video-preview":"max-video-preview:-1"},"canonical":"https:\/\/www.detallesbodasyeventos.com\/musica-para-ceremonias\/","og_locale":"en_US","og_type":"article","og_title":"Music for Ceremonies - Detalles Bodas y Eventos","og_description":"[vc_row type=&#8221;in_container&#8221; full_screen_row_position=&#8221;middle&#8221; scene_position=&#8221;center&#8221; text_color=&#8221;dark&#8221; text_align=&#8221;left&#8221; overlay_strength=&#8221;0.3&#8243;][vc_column column_padding=&#8221;no-extra-padding&#8221; column_padding_position=&#8221;all&#8221; background_color_opacity=&#8221;1&#8243; background_hover_color_opacity=&#8221;1&#8243; width=&#8221;1\/2&#8243; tablet_text_alignment=&#8221;default&#8221; phone_text_alignment=&#8221;default&#8221;][vc_column_text] Musica for Ceremonies [\/vc_column_text][vc_column_text]Ensambles musicales tradicionales para ceremonias:[\/vc_column_text][vc_column_text] A cualquiera de estos ensambles se puede incorporar...","og_url":"https:\/\/www.detallesbodasyeventos.com\/musica-para-ceremonias\/","og_site_name":"Detalles Bodas y Eventos","article_modified_time":"2018-02-21T05:19:57+00:00","twitter_card":"summary_large_image","twitter_misc":{"Est. reading time":"6 minutes"},"schema":{"@context":"https:\/\/schema.org","@graph":[{"@type":"WebPage","@id":"https:\/\/www.detallesbodasyeventos.com\/musica-para-ceremonias\/","url":"https:\/\/www.detallesbodasyeventos.com\/musica-para-ceremonias\/","name":"Music for Ceremonies - Detalles Bodas y Eventos","isPartOf":{"@id":"https:\/\/www.detallesbodasyeventos.com\/#website"},"datePublished":"2016-12-22T18:07:43+00:00","dateModified":"2018-02-21T05:19:57+00:00","breadcrumb":{"@id":"https:\/\/www.detallesbodasyeventos.com\/musica-para-ceremonias\/#breadcrumb"},"inLanguage":"en-US","potentialAction":[{"@type":"ReadAction","target":["https:\/\/www.detallesbodasyeventos.com\/musica-para-ceremonias\/"]}]},{"@type":"BreadcrumbList","@id":"https:\/\/www.detallesbodasyeventos.com\/musica-para-ceremonias\/#breadcrumb","itemListElement":[{"@type":"ListItem","position":1,"name":"Portada","item":"https:\/\/www.detallesbodasyeventos.com\/"},{"@type":"ListItem","position":2,"name":"M\u00fasica para Ceremonias"}]},{"@type":"WebSite","@id":"https:\/\/www.detallesbodasyeventos.com\/#website","url":"https:\/\/www.detallesbodasyeventos.com\/","name":"Detalles Bodas y Eventos","description":"","potentialAction":[{"@type":"SearchAction","target":{"@type":"EntryPoint","urlTemplate":"https:\/\/www.detallesbodasyeventos.com\/?s={search_term_string}"},"query-input":{"@type":"PropertyValueSpecification","valueRequired":true,"valueName":"search_term_string"}}],"inLanguage":"en-US"}]}},"_links":{"self":[{"href":"https:\/\/www.detallesbodasyeventos.com\/en\/wp-json\/wp\/v2\/pages\/3208","targetHints":{"allow":["GET"]}}],"collection":[{"href":"https:\/\/www.detallesbodasyeventos.com\/en\/wp-json\/wp\/v2\/pages"}],"about":[{"href":"https:\/\/www.detallesbodasyeventos.com\/en\/wp-json\/wp\/v2\/types\/page"}],"author":[{"embeddable":true,"href":"https:\/\/www.detallesbodasyeventos.com\/en\/wp-json\/wp\/v2\/users\/1"}],"replies":[{"embeddable":true,"href":"https:\/\/www.detallesbodasyeventos.com\/en\/wp-json\/wp\/v2\/comments?post=3208"}],"version-history":[{"count":13,"href":"https:\/\/www.detallesbodasyeventos.com\/en\/wp-json\/wp\/v2\/pages\/3208\/revisions"}],"predecessor-version":[{"id":3768,"href":"https:\/\/www.detallesbodasyeventos.com\/en\/wp-json\/wp\/v2\/pages\/3208\/revisions\/3768"}],"wp:attachment":[{"href":"https:\/\/www.detallesbodasyeventos.com\/en\/wp-json\/wp\/v2\/media?parent=3208"}],"curies":[{"name":"wp","href":"https:\/\/api.w.org\/{rel}","templated":true}]}}