{"id":3199,"date":"2016-12-22T17:19:03","date_gmt":"2016-12-22T17:19:03","guid":{"rendered":"http:\/\/www.detallesbodasyeventos.com\/webnew2016\/?page_id=3199"},"modified":"2018-02-21T05:18:04","modified_gmt":"2018-02-21T05:18:04","slug":"logistica-protocolo-eventos","status":"publish","type":"page","link":"https:\/\/www.detallesbodasyeventos.com\/en\/logistica-protocolo-eventos\/","title":{"rendered":"Corporate Events"},"content":{"rendered":"[vc_row type=&#8221;in_container&#8221; full_screen_row_position=&#8221;middle&#8221; scene_position=&#8221;center&#8221; text_color=&#8221;dark&#8221; text_align=&#8221;left&#8221; overlay_strength=&#8221;0.3&#8243;][vc_column column_padding=&#8221;no-extra-padding&#8221; column_padding_position=&#8221;all&#8221; background_color_opacity=&#8221;1&#8243; background_hover_color_opacity=&#8221;1&#8243; width=&#8221;1\/2&#8243; tablet_text_alignment=&#8221;default&#8221; phone_text_alignment=&#8221;default&#8221;]<div class=\"divider-wrap\"><div style=\"height: 40px;\" class=\"divider\"><\/div><\/div>[vc_column_text]\n<h2>Log\u00edstica &amp; Protocolo de Eventos<\/h2>\n[\/vc_column_text]<div class=\"divider-wrap\"><div style=\"height: 10px;\" class=\"divider\"><\/div><\/div>[vc_column_text]<em>Asambleas de accionistas, aniversarios, promociones y m\u00e1s&#8230;<\/em><\/p>\n<p>Se ofrece el servicio de organizaci\u00f3n, asesor\u00eda, log\u00edstica y manejo de protocolo de eventos corporativos tales como:[\/vc_column_text]<div class=\"divider-wrap\"><div style=\"height: 20px;\" class=\"divider\"><\/div><\/div><div class=\"nectar-fancy-ul\" data-list-icon=\"icon-ok\" data-animation=\"false\" data-animation-delay=\"0\" data-color=\"extra-color-2\"> \n<ul>\n<li>Asambleas de accionistas.<\/li>\n<li>Aniversarios de empresas.<\/li>\n<li>Seminarios.<\/li>\n<li>Fiestas de fin de a\u00f1o.<\/li>\n<li>Promociones.<\/li>\n<li>Asesor\u00eda en campa\u00f1as publicitarias.<\/li>\n<\/ul>\n <\/div><div class=\"divider-wrap\"><div style=\"height: 40px;\" class=\"divider\"><\/div><\/div>[\/vc_column][vc_column column_padding=&#8221;no-extra-padding&#8221; column_padding_position=&#8221;all&#8221; background_color_opacity=&#8221;1&#8243; background_hover_color_opacity=&#8221;1&#8243; width=&#8221;1\/2&#8243; tablet_text_alignment=&#8221;default&#8221; phone_text_alignment=&#8221;default&#8221;]<div class=\"divider-wrap\"><div style=\"height: 40px;\" class=\"divider\"><\/div><\/div>[vc_row_inner text_align=&#8221;left&#8221;][vc_column_inner column_padding=&#8221;no-extra-padding&#8221; column_padding_position=&#8221;all&#8221; background_color_opacity=&#8221;1&#8243; width=&#8221;1\/2&#8243;]<div class=\"img-with-aniamtion-wrap \" data-max-width=\"100%\"><div class=\"inner\"><img decoding=\"async\" data-shadow=\"none\" data-shadow-direction=\"middle\" class=\"img-with-animation \" data-delay=\"0\" height=\"100%\" width=\"100%\" data-animation=\"fade-in\" src=\"https:\/\/www.detallesbodasyeventos.com\/wp-content\/uploads\/2016\/12\/protocolo01.jpg\" alt=\"Organizaci\u00f3n & Protocolo de Eventos Corporativos\" \/><\/div><\/div>[\/vc_column_inner][vc_column_inner column_padding=&#8221;no-extra-padding&#8221; column_padding_position=&#8221;all&#8221; background_color_opacity=&#8221;1&#8243; width=&#8221;1\/2&#8243;]<div class=\"img-with-aniamtion-wrap \" data-max-width=\"100%\"><div class=\"inner\"><img decoding=\"async\" data-shadow=\"none\" data-shadow-direction=\"middle\" class=\"img-with-animation \" data-delay=\"0\" height=\"100%\" width=\"100%\" data-animation=\"fade-in\" src=\"https:\/\/www.detallesbodasyeventos.com\/wp-content\/uploads\/2016\/12\/protocolo02.jpg\" alt=\"Organizaci\u00f3n & Protocolo de Eventos Corporativos\" \/><\/div><\/div>[\/vc_column_inner][\/vc_row_inner]<div class=\"divider-wrap\"><div style=\"height: 40px;\" class=\"divider\"><\/div><\/div>[\/vc_column][\/vc_row]","protected":false},"excerpt":{"rendered":"<p>[vc_row type=&#8221;in_container&#8221; full_screen_row_position=&#8221;middle&#8221; scene_position=&#8221;center&#8221; text_color=&#8221;dark&#8221; text_align=&#8221;left&#8221; overlay_strength=&#8221;0.3&#8243;][vc_column column_padding=&#8221;no-extra-padding&#8221; column_padding_position=&#8221;all&#8221; background_color_opacity=&#8221;1&#8243; background_hover_color_opacity=&#8221;1&#8243; width=&#8221;1\/2&#8243; tablet_text_alignment=&#8221;default&#8221; phone_text_alignment=&#8221;default&#8221;][vc_column_text] Log\u00edstica &amp; Protocolo de Eventos [\/vc_column_text][vc_column_text]Asambleas de accionistas, aniversarios, promociones y m\u00e1s&#8230; Se ofrece el servicio&#8230;<\/p>\n","protected":false},"author":1,"featured_media":0,"parent":0,"menu_order":44,"comment_status":"open","ping_status":"closed","template":"template-standard-detalles.php","meta":{"footnotes":""},"class_list":["post-3199","page","type-page","status-publish","hentry"],"yoast_head":"<!-- This site is optimized with the Yoast SEO plugin v26.1.1 - https:\/\/yoast.com\/wordpress\/plugins\/seo\/ -->\n<title>Corporate Events - Detalles Bodas y Eventos<\/title>\n<meta name=\"robots\" content=\"index, follow, max-snippet:-1, max-image-preview:large, max-video-preview:-1\" \/>\n<link rel=\"canonical\" href=\"https:\/\/www.detallesbodasyeventos.com\/logistica-protocolo-eventos\/\" \/>\n<meta property=\"og:locale\" content=\"en_US\" \/>\n<meta property=\"og:type\" content=\"article\" \/>\n<meta property=\"og:title\" content=\"Corporate Events - Detalles Bodas y Eventos\" \/>\n<meta property=\"og:description\" content=\"[vc_row type=&#8221;in_container&#8221; full_screen_row_position=&#8221;middle&#8221; scene_position=&#8221;center&#8221; text_color=&#8221;dark&#8221; text_align=&#8221;left&#8221; overlay_strength=&#8221;0.3&#8243;][vc_column column_padding=&#8221;no-extra-padding&#8221; column_padding_position=&#8221;all&#8221; background_color_opacity=&#8221;1&#8243; background_hover_color_opacity=&#8221;1&#8243; width=&#8221;1\/2&#8243; tablet_text_alignment=&#8221;default&#8221; phone_text_alignment=&#8221;default&#8221;][vc_column_text] Log\u00edstica &amp; Protocolo de Eventos [\/vc_column_text][vc_column_text]Asambleas de accionistas, aniversarios, promociones y m\u00e1s&#8230; Se ofrece el servicio...\" \/>\n<meta property=\"og:url\" content=\"https:\/\/www.detallesbodasyeventos.com\/logistica-protocolo-eventos\/\" \/>\n<meta property=\"og:site_name\" content=\"Detalles Bodas y Eventos\" \/>\n<meta property=\"article:modified_time\" content=\"2018-02-21T05:18:04+00:00\" \/>\n<meta name=\"twitter:card\" content=\"summary_large_image\" \/>\n<meta name=\"twitter:label1\" content=\"Est. reading time\" \/>\n\t<meta name=\"twitter:data1\" content=\"2 minutes\" \/>\n<script type=\"application\/ld+json\" class=\"yoast-schema-graph\">{\"@context\":\"https:\/\/schema.org\",\"@graph\":[{\"@type\":\"WebPage\",\"@id\":\"https:\/\/www.detallesbodasyeventos.com\/logistica-protocolo-eventos\/\",\"url\":\"https:\/\/www.detallesbodasyeventos.com\/logistica-protocolo-eventos\/\",\"name\":\"Corporate Events - Detalles Bodas y Eventos\",\"isPartOf\":{\"@id\":\"https:\/\/www.detallesbodasyeventos.com\/#website\"},\"datePublished\":\"2016-12-22T17:19:03+00:00\",\"dateModified\":\"2018-02-21T05:18:04+00:00\",\"breadcrumb\":{\"@id\":\"https:\/\/www.detallesbodasyeventos.com\/logistica-protocolo-eventos\/#breadcrumb\"},\"inLanguage\":\"en-US\",\"potentialAction\":[{\"@type\":\"ReadAction\",\"target\":[\"https:\/\/www.detallesbodasyeventos.com\/logistica-protocolo-eventos\/\"]}]},{\"@type\":\"BreadcrumbList\",\"@id\":\"https:\/\/www.detallesbodasyeventos.com\/logistica-protocolo-eventos\/#breadcrumb\",\"itemListElement\":[{\"@type\":\"ListItem\",\"position\":1,\"name\":\"Portada\",\"item\":\"https:\/\/www.detallesbodasyeventos.com\/\"},{\"@type\":\"ListItem\",\"position\":2,\"name\":\"Eventos Corporativos\"}]},{\"@type\":\"WebSite\",\"@id\":\"https:\/\/www.detallesbodasyeventos.com\/#website\",\"url\":\"https:\/\/www.detallesbodasyeventos.com\/\",\"name\":\"Detalles Bodas y Eventos\",\"description\":\"\",\"potentialAction\":[{\"@type\":\"SearchAction\",\"target\":{\"@type\":\"EntryPoint\",\"urlTemplate\":\"https:\/\/www.detallesbodasyeventos.com\/?s={search_term_string}\"},\"query-input\":{\"@type\":\"PropertyValueSpecification\",\"valueRequired\":true,\"valueName\":\"search_term_string\"}}],\"inLanguage\":\"en-US\"}]}<\/script>\n<!-- \/ Yoast SEO plugin. -->","yoast_head_json":{"title":"Corporate Events - Detalles Bodas y Eventos","robots":{"index":"index","follow":"follow","max-snippet":"max-snippet:-1","max-image-preview":"max-image-preview:large","max-video-preview":"max-video-preview:-1"},"canonical":"https:\/\/www.detallesbodasyeventos.com\/logistica-protocolo-eventos\/","og_locale":"en_US","og_type":"article","og_title":"Corporate Events - Detalles Bodas y Eventos","og_description":"[vc_row type=&#8221;in_container&#8221; full_screen_row_position=&#8221;middle&#8221; scene_position=&#8221;center&#8221; text_color=&#8221;dark&#8221; text_align=&#8221;left&#8221; overlay_strength=&#8221;0.3&#8243;][vc_column column_padding=&#8221;no-extra-padding&#8221; column_padding_position=&#8221;all&#8221; background_color_opacity=&#8221;1&#8243; background_hover_color_opacity=&#8221;1&#8243; width=&#8221;1\/2&#8243; tablet_text_alignment=&#8221;default&#8221; phone_text_alignment=&#8221;default&#8221;][vc_column_text] Log\u00edstica &amp; Protocolo de Eventos [\/vc_column_text][vc_column_text]Asambleas de accionistas, aniversarios, promociones y m\u00e1s&#8230; Se ofrece el servicio...","og_url":"https:\/\/www.detallesbodasyeventos.com\/logistica-protocolo-eventos\/","og_site_name":"Detalles Bodas y Eventos","article_modified_time":"2018-02-21T05:18:04+00:00","twitter_card":"summary_large_image","twitter_misc":{"Est. reading time":"2 minutes"},"schema":{"@context":"https:\/\/schema.org","@graph":[{"@type":"WebPage","@id":"https:\/\/www.detallesbodasyeventos.com\/logistica-protocolo-eventos\/","url":"https:\/\/www.detallesbodasyeventos.com\/logistica-protocolo-eventos\/","name":"Corporate Events - Detalles Bodas y Eventos","isPartOf":{"@id":"https:\/\/www.detallesbodasyeventos.com\/#website"},"datePublished":"2016-12-22T17:19:03+00:00","dateModified":"2018-02-21T05:18:04+00:00","breadcrumb":{"@id":"https:\/\/www.detallesbodasyeventos.com\/logistica-protocolo-eventos\/#breadcrumb"},"inLanguage":"en-US","potentialAction":[{"@type":"ReadAction","target":["https:\/\/www.detallesbodasyeventos.com\/logistica-protocolo-eventos\/"]}]},{"@type":"BreadcrumbList","@id":"https:\/\/www.detallesbodasyeventos.com\/logistica-protocolo-eventos\/#breadcrumb","itemListElement":[{"@type":"ListItem","position":1,"name":"Portada","item":"https:\/\/www.detallesbodasyeventos.com\/"},{"@type":"ListItem","position":2,"name":"Eventos Corporativos"}]},{"@type":"WebSite","@id":"https:\/\/www.detallesbodasyeventos.com\/#website","url":"https:\/\/www.detallesbodasyeventos.com\/","name":"Detalles Bodas y Eventos","description":"","potentialAction":[{"@type":"SearchAction","target":{"@type":"EntryPoint","urlTemplate":"https:\/\/www.detallesbodasyeventos.com\/?s={search_term_string}"},"query-input":{"@type":"PropertyValueSpecification","valueRequired":true,"valueName":"search_term_string"}}],"inLanguage":"en-US"}]}},"_links":{"self":[{"href":"https:\/\/www.detallesbodasyeventos.com\/en\/wp-json\/wp\/v2\/pages\/3199","targetHints":{"allow":["GET"]}}],"collection":[{"href":"https:\/\/www.detallesbodasyeventos.com\/en\/wp-json\/wp\/v2\/pages"}],"about":[{"href":"https:\/\/www.detallesbodasyeventos.com\/en\/wp-json\/wp\/v2\/types\/page"}],"author":[{"embeddable":true,"href":"https:\/\/www.detallesbodasyeventos.com\/en\/wp-json\/wp\/v2\/users\/1"}],"replies":[{"embeddable":true,"href":"https:\/\/www.detallesbodasyeventos.com\/en\/wp-json\/wp\/v2\/comments?post=3199"}],"version-history":[{"count":8,"href":"https:\/\/www.detallesbodasyeventos.com\/en\/wp-json\/wp\/v2\/pages\/3199\/revisions"}],"predecessor-version":[{"id":3738,"href":"https:\/\/www.detallesbodasyeventos.com\/en\/wp-json\/wp\/v2\/pages\/3199\/revisions\/3738"}],"wp:attachment":[{"href":"https:\/\/www.detallesbodasyeventos.com\/en\/wp-json\/wp\/v2\/media?parent=3199"}],"curies":[{"name":"wp","href":"https:\/\/api.w.org\/{rel}","templated":true}]}}