{"id":3177,"date":"2016-12-22T16:42:01","date_gmt":"2016-12-22T16:42:01","guid":{"rendered":"http:\/\/www.detallesbodasyeventos.com\/webnew2016\/?page_id=3177"},"modified":"2018-02-21T05:21:38","modified_gmt":"2018-02-21T05:21:38","slug":"organizacion-de-eventos","status":"publish","type":"page","link":"https:\/\/www.detallesbodasyeventos.com\/en\/organizacion-de-eventos\/","title":{"rendered":"Event Planner"},"content":{"rendered":"[vc_row type=&#8221;in_container&#8221; full_screen_row_position=&#8221;middle&#8221; scene_position=&#8221;center&#8221; text_color=&#8221;dark&#8221; text_align=&#8221;left&#8221; overlay_strength=&#8221;0.3&#8243;][vc_column column_padding=&#8221;no-extra-padding&#8221; column_padding_position=&#8221;all&#8221; background_color_opacity=&#8221;1&#8243; background_hover_color_opacity=&#8221;1&#8243; width=&#8221;1\/2&#8243; tablet_text_alignment=&#8221;default&#8221; phone_text_alignment=&#8221;default&#8221;]<div class=\"divider-wrap\"><div style=\"height: 40px;\" class=\"divider\"><\/div><\/div>[vc_column_text]\n<h2>Event Planners<\/h2>\n[\/vc_column_text]<div class=\"divider-wrap\"><div style=\"height: 10px;\" class=\"divider\"><\/div><\/div>[vc_column_text]<em>Administraci\u00f3n de presupuesto, contrataci\u00f3n de proveedores, gerencia del evento&#8230;<\/em><\/p>\n<p>Con esta opci\u00f3n, se asume la gerencia completa del evento desde sus inicios.[\/vc_column_text]<div class=\"divider-wrap\"><div style=\"height: 20px;\" class=\"divider\"><\/div><\/div><div class=\"nectar-fancy-ul\" data-list-icon=\"icon-ok\" data-animation=\"false\" data-animation-delay=\"0\" data-color=\"extra-color-2\"> \n<ul>\n<li>Evaluaci\u00f3n de las mejores opciones para realizar la recepci\u00f3n, considerando los gustos y preferencias del cliente.<\/li>\n<\/ul>\n<ul>\n<li>Confecci\u00f3n y administraci\u00f3n del presupuesto.<\/li>\n<\/ul>\n<ul>\n<li><strong><u>Selecci\u00f3n y contrataci\u00f3n de proveedores<\/u>:<\/strong> Se le facilitar\u00e1 al cliente toda la informaci\u00f3n y asesor\u00eda requerida para la selecci\u00f3n de los proveedores id\u00f3neos para su evento, de manera que se elija a los que mejor cumplan con sus expectativas, en cuanto a calidad, dise\u00f1o, precios y empat\u00eda.<\/li>\n<\/ul>\n<ul>\n<li><strong><u>Dise\u00f1o del concepto de la decoraci\u00f3n:<\/u><\/strong> Con base en los gustos del cliente, se dise\u00f1a el concepto de la decoraci\u00f3n, sugiriendo la mezcla de centros de mesa (bases, colores, tendencias), mix de manteler\u00eda y accesorios, opciones de iluminaci\u00f3n, dise\u00f1o del croquis del sal\u00f3n. Se realiza una prueba de montaje con los proveedores seleccionados en las \u00e1reas de manteler\u00eda, decoraci\u00f3n e iluminaci\u00f3n.<\/li>\n<\/ul>\n<ul>\n<li>Elaboraci\u00f3n del programa, cronograma y log\u00edstica de la ceremonia (o acto protocolario)\u00a0y de la recepci\u00f3n.<\/li>\n<\/ul>\n<ul>\n<li>Coordinaci\u00f3n de los servicios contratados la semana previa al evento: env\u00edo de programas y de la log\u00edstica de montaje con los proveedores.<\/li>\n<\/ul>\n<ul>\n<li>Supervisi\u00f3n del montaje de cada proveedor el d\u00eda del evento y revisi\u00f3n del programa de alimentos y bebidas con el capit\u00e1n asignado en el lugar de la recepci\u00f3n.<\/li>\n<\/ul>\n<ul>\n<li>Coordinaci\u00f3n de la log\u00edstica, supervisi\u00f3n general, direcci\u00f3n de protocolo de la ceremonia y recepci\u00f3n el d\u00eda del evento: recepci\u00f3n y ubicaci\u00f3n de invitados, seguimiento del programa de actividades, administraci\u00f3n de alimentos y bebidas, entre otros.<\/li>\n<\/ul>\n <\/div><div class=\"divider-wrap\"><div style=\"height: 40px;\" class=\"divider\"><\/div><\/div>[\/vc_column][vc_column column_padding=&#8221;no-extra-padding&#8221; column_padding_position=&#8221;all&#8221; background_color_opacity=&#8221;1&#8243; background_hover_color_opacity=&#8221;1&#8243; width=&#8221;1\/2&#8243; tablet_text_alignment=&#8221;default&#8221; phone_text_alignment=&#8221;default&#8221;]<div class=\"divider-wrap\"><div style=\"height: 40px;\" class=\"divider\"><\/div><\/div>[vc_row_inner text_align=&#8221;left&#8221;][vc_column_inner column_padding=&#8221;no-extra-padding&#8221; column_padding_position=&#8221;all&#8221; background_color_opacity=&#8221;1&#8243; width=&#8221;1\/2&#8243;]<div class=\"img-with-aniamtion-wrap \" data-max-width=\"100%\"><div class=\"inner\"><img decoding=\"async\" data-shadow=\"none\" data-shadow-direction=\"middle\" class=\"img-with-animation \" data-delay=\"0\" height=\"100%\" width=\"100%\" data-animation=\"fade-in\" src=\"https:\/\/www.detallesbodasyeventos.com\/wp-content\/uploads\/2016\/12\/organizacion01.jpg\" alt=\"Monica Ruphuy\" \/><\/div><\/div>[\/vc_column_inner][vc_column_inner column_padding=&#8221;no-extra-padding&#8221; column_padding_position=&#8221;all&#8221; background_color_opacity=&#8221;1&#8243; width=&#8221;1\/2&#8243;]<div class=\"img-with-aniamtion-wrap \" data-max-width=\"100%\"><div class=\"inner\"><img decoding=\"async\" data-shadow=\"none\" data-shadow-direction=\"middle\" class=\"img-with-animation \" data-delay=\"0\" height=\"100%\" width=\"100%\" data-animation=\"fade-in\" src=\"https:\/\/www.detallesbodasyeventos.com\/wp-content\/uploads\/2016\/12\/organizacion02.jpg\" alt=\"Detalles Bodas & Eventos\" \/><\/div><\/div>[\/vc_column_inner][\/vc_row_inner][vc_row_inner text_align=&#8221;left&#8221;][vc_column_inner column_padding=&#8221;no-extra-padding&#8221; column_padding_position=&#8221;all&#8221; background_color_opacity=&#8221;1&#8243; width=&#8221;1\/1&#8243;]<div class=\"img-with-aniamtion-wrap \" data-max-width=\"100%\"><div class=\"inner\"><img decoding=\"async\" data-shadow=\"none\" data-shadow-direction=\"middle\" class=\"img-with-animation \" data-delay=\"0\" height=\"100%\" width=\"100%\" data-animation=\"fade-in\" src=\"https:\/\/www.detallesbodasyeventos.com\/wp-content\/uploads\/2016\/12\/organizacion03-572.jpg\" alt=\"Detalles Bodas & Eventos\" \/><\/div><\/div>[\/vc_column_inner][\/vc_row_inner][\/vc_column][\/vc_row]","protected":false},"excerpt":{"rendered":"<p>[vc_row type=&#8221;in_container&#8221; full_screen_row_position=&#8221;middle&#8221; scene_position=&#8221;center&#8221; text_color=&#8221;dark&#8221; text_align=&#8221;left&#8221; overlay_strength=&#8221;0.3&#8243;][vc_column column_padding=&#8221;no-extra-padding&#8221; column_padding_position=&#8221;all&#8221; background_color_opacity=&#8221;1&#8243; background_hover_color_opacity=&#8221;1&#8243; width=&#8221;1\/2&#8243; tablet_text_alignment=&#8221;default&#8221; phone_text_alignment=&#8221;default&#8221;][vc_column_text] Event Planners [\/vc_column_text][vc_column_text]Administraci\u00f3n de presupuesto, contrataci\u00f3n de proveedores, gerencia del evento&#8230; Con esta opci\u00f3n, se asume&#8230;<\/p>\n","protected":false},"author":1,"featured_media":0,"parent":0,"menu_order":44,"comment_status":"open","ping_status":"closed","template":"template-standard-detalles.php","meta":{"footnotes":""},"class_list":["post-3177","page","type-page","status-publish","hentry"],"yoast_head":"<!-- This site is optimized with the Yoast SEO plugin v26.1.1 - https:\/\/yoast.com\/wordpress\/plugins\/seo\/ -->\n<title>Event Planner - Detalles Bodas y Eventos<\/title>\n<meta name=\"robots\" content=\"index, follow, max-snippet:-1, max-image-preview:large, max-video-preview:-1\" \/>\n<link rel=\"canonical\" href=\"https:\/\/www.detallesbodasyeventos.com\/organizacion-de-eventos\/\" \/>\n<meta property=\"og:locale\" content=\"en_US\" \/>\n<meta property=\"og:type\" content=\"article\" \/>\n<meta property=\"og:title\" content=\"Event Planner - Detalles Bodas y Eventos\" \/>\n<meta property=\"og:description\" content=\"[vc_row type=&#8221;in_container&#8221; full_screen_row_position=&#8221;middle&#8221; scene_position=&#8221;center&#8221; text_color=&#8221;dark&#8221; text_align=&#8221;left&#8221; overlay_strength=&#8221;0.3&#8243;][vc_column column_padding=&#8221;no-extra-padding&#8221; column_padding_position=&#8221;all&#8221; background_color_opacity=&#8221;1&#8243; background_hover_color_opacity=&#8221;1&#8243; width=&#8221;1\/2&#8243; tablet_text_alignment=&#8221;default&#8221; phone_text_alignment=&#8221;default&#8221;][vc_column_text] Event Planners [\/vc_column_text][vc_column_text]Administraci\u00f3n de presupuesto, contrataci\u00f3n de proveedores, gerencia del evento&#8230; Con esta opci\u00f3n, se asume...\" \/>\n<meta property=\"og:url\" content=\"https:\/\/www.detallesbodasyeventos.com\/organizacion-de-eventos\/\" \/>\n<meta property=\"og:site_name\" content=\"Detalles Bodas y Eventos\" \/>\n<meta property=\"article:modified_time\" content=\"2018-02-21T05:21:38+00:00\" \/>\n<meta name=\"twitter:card\" content=\"summary_large_image\" \/>\n<meta name=\"twitter:label1\" content=\"Est. reading time\" \/>\n\t<meta name=\"twitter:data1\" content=\"5 minutes\" \/>\n<script type=\"application\/ld+json\" class=\"yoast-schema-graph\">{\"@context\":\"https:\/\/schema.org\",\"@graph\":[{\"@type\":\"WebPage\",\"@id\":\"https:\/\/www.detallesbodasyeventos.com\/organizacion-de-eventos\/\",\"url\":\"https:\/\/www.detallesbodasyeventos.com\/organizacion-de-eventos\/\",\"name\":\"Event Planner - Detalles Bodas y Eventos\",\"isPartOf\":{\"@id\":\"https:\/\/www.detallesbodasyeventos.com\/#website\"},\"datePublished\":\"2016-12-22T16:42:01+00:00\",\"dateModified\":\"2018-02-21T05:21:38+00:00\",\"breadcrumb\":{\"@id\":\"https:\/\/www.detallesbodasyeventos.com\/organizacion-de-eventos\/#breadcrumb\"},\"inLanguage\":\"en-US\",\"potentialAction\":[{\"@type\":\"ReadAction\",\"target\":[\"https:\/\/www.detallesbodasyeventos.com\/organizacion-de-eventos\/\"]}]},{\"@type\":\"BreadcrumbList\",\"@id\":\"https:\/\/www.detallesbodasyeventos.com\/organizacion-de-eventos\/#breadcrumb\",\"itemListElement\":[{\"@type\":\"ListItem\",\"position\":1,\"name\":\"Portada\",\"item\":\"https:\/\/www.detallesbodasyeventos.com\/\"},{\"@type\":\"ListItem\",\"position\":2,\"name\":\"Organizaci\u00f3n de Eventos\"}]},{\"@type\":\"WebSite\",\"@id\":\"https:\/\/www.detallesbodasyeventos.com\/#website\",\"url\":\"https:\/\/www.detallesbodasyeventos.com\/\",\"name\":\"Detalles Bodas y Eventos\",\"description\":\"\",\"potentialAction\":[{\"@type\":\"SearchAction\",\"target\":{\"@type\":\"EntryPoint\",\"urlTemplate\":\"https:\/\/www.detallesbodasyeventos.com\/?s={search_term_string}\"},\"query-input\":{\"@type\":\"PropertyValueSpecification\",\"valueRequired\":true,\"valueName\":\"search_term_string\"}}],\"inLanguage\":\"en-US\"}]}<\/script>\n<!-- \/ Yoast SEO plugin. -->","yoast_head_json":{"title":"Event Planner - Detalles Bodas y Eventos","robots":{"index":"index","follow":"follow","max-snippet":"max-snippet:-1","max-image-preview":"max-image-preview:large","max-video-preview":"max-video-preview:-1"},"canonical":"https:\/\/www.detallesbodasyeventos.com\/organizacion-de-eventos\/","og_locale":"en_US","og_type":"article","og_title":"Event Planner - Detalles Bodas y Eventos","og_description":"[vc_row type=&#8221;in_container&#8221; full_screen_row_position=&#8221;middle&#8221; scene_position=&#8221;center&#8221; text_color=&#8221;dark&#8221; text_align=&#8221;left&#8221; overlay_strength=&#8221;0.3&#8243;][vc_column column_padding=&#8221;no-extra-padding&#8221; column_padding_position=&#8221;all&#8221; background_color_opacity=&#8221;1&#8243; background_hover_color_opacity=&#8221;1&#8243; width=&#8221;1\/2&#8243; tablet_text_alignment=&#8221;default&#8221; phone_text_alignment=&#8221;default&#8221;][vc_column_text] Event Planners [\/vc_column_text][vc_column_text]Administraci\u00f3n de presupuesto, contrataci\u00f3n de proveedores, gerencia del evento&#8230; Con esta opci\u00f3n, se asume...","og_url":"https:\/\/www.detallesbodasyeventos.com\/organizacion-de-eventos\/","og_site_name":"Detalles Bodas y Eventos","article_modified_time":"2018-02-21T05:21:38+00:00","twitter_card":"summary_large_image","twitter_misc":{"Est. reading time":"5 minutes"},"schema":{"@context":"https:\/\/schema.org","@graph":[{"@type":"WebPage","@id":"https:\/\/www.detallesbodasyeventos.com\/organizacion-de-eventos\/","url":"https:\/\/www.detallesbodasyeventos.com\/organizacion-de-eventos\/","name":"Event Planner - Detalles Bodas y Eventos","isPartOf":{"@id":"https:\/\/www.detallesbodasyeventos.com\/#website"},"datePublished":"2016-12-22T16:42:01+00:00","dateModified":"2018-02-21T05:21:38+00:00","breadcrumb":{"@id":"https:\/\/www.detallesbodasyeventos.com\/organizacion-de-eventos\/#breadcrumb"},"inLanguage":"en-US","potentialAction":[{"@type":"ReadAction","target":["https:\/\/www.detallesbodasyeventos.com\/organizacion-de-eventos\/"]}]},{"@type":"BreadcrumbList","@id":"https:\/\/www.detallesbodasyeventos.com\/organizacion-de-eventos\/#breadcrumb","itemListElement":[{"@type":"ListItem","position":1,"name":"Portada","item":"https:\/\/www.detallesbodasyeventos.com\/"},{"@type":"ListItem","position":2,"name":"Organizaci\u00f3n de Eventos"}]},{"@type":"WebSite","@id":"https:\/\/www.detallesbodasyeventos.com\/#website","url":"https:\/\/www.detallesbodasyeventos.com\/","name":"Detalles Bodas y Eventos","description":"","potentialAction":[{"@type":"SearchAction","target":{"@type":"EntryPoint","urlTemplate":"https:\/\/www.detallesbodasyeventos.com\/?s={search_term_string}"},"query-input":{"@type":"PropertyValueSpecification","valueRequired":true,"valueName":"search_term_string"}}],"inLanguage":"en-US"}]}},"_links":{"self":[{"href":"https:\/\/www.detallesbodasyeventos.com\/en\/wp-json\/wp\/v2\/pages\/3177","targetHints":{"allow":["GET"]}}],"collection":[{"href":"https:\/\/www.detallesbodasyeventos.com\/en\/wp-json\/wp\/v2\/pages"}],"about":[{"href":"https:\/\/www.detallesbodasyeventos.com\/en\/wp-json\/wp\/v2\/types\/page"}],"author":[{"embeddable":true,"href":"https:\/\/www.detallesbodasyeventos.com\/en\/wp-json\/wp\/v2\/users\/1"}],"replies":[{"embeddable":true,"href":"https:\/\/www.detallesbodasyeventos.com\/en\/wp-json\/wp\/v2\/comments?post=3177"}],"version-history":[{"count":15,"href":"https:\/\/www.detallesbodasyeventos.com\/en\/wp-json\/wp\/v2\/pages\/3177\/revisions"}],"predecessor-version":[{"id":3739,"href":"https:\/\/www.detallesbodasyeventos.com\/en\/wp-json\/wp\/v2\/pages\/3177\/revisions\/3739"}],"wp:attachment":[{"href":"https:\/\/www.detallesbodasyeventos.com\/en\/wp-json\/wp\/v2\/media?parent=3177"}],"curies":[{"name":"wp","href":"https:\/\/api.w.org\/{rel}","templated":true}]}}